{"id":43,"date":"2025-04-19T09:40:26","date_gmt":"2025-04-19T09:40:26","guid":{"rendered":"https:\/\/hankiainen.fi\/?page_id=43"},"modified":"2026-04-07T18:56:51","modified_gmt":"2026-04-07T18:56:51","slug":"yhteys","status":"publish","type":"page","link":"https:\/\/www.hankiainen.fi\/?page_id=43","title":{"rendered":"Ota yhteytt\u00e4"},"content":{"rendered":"\n<p class=\"has-text-align-center has-contrast-color has-text-color has-link-color has-x-large-font-size wp-elements-fa7563b26124a87f8ebac0c1be4a4973\"><strong><em>toimisto@hankiainen.fi<\/em><\/strong><\/p>\n\n\n\n<p class=\"has-text-align-center has-base-2-background-color has-background\" style=\"border-radius:20px\">Oletko kiinnostunut taloushallinnon palveluista?<br><br>Haluatko kysy\u00e4 kirjanpidosta tai pyyt\u00e4\u00e4 tarjouksen?<br><br>Onko sinulla tulossa jokin muu projekti, johon tarvitsisit lis\u00e4aivoja?<br><br>Laita minulle viesti\u00e4 s\u00e4hk\u00f6postitse, vastaan aina henkil\u00f6kohtaisesti mahdollisimman pian!<\/p>\n\n\n\n<hr class=\"wp-block-separator has-alpha-channel-opacity\"\/>\n","protected":false},"excerpt":{"rendered":"<p>toimisto@hankiainen.fi Oletko kiinnostunut taloushallinnon palveluista? Haluatko kysy\u00e4 kirjanpidosta tai pyyt\u00e4\u00e4 tarjouksen? Onko sinulla tulossa jokin muu projekti, johon tarvitsisit lis\u00e4aivoja? Laita minulle viesti\u00e4 s\u00e4hk\u00f6postitse, vastaan aina henkil\u00f6kohtaisesti mahdollisimman pian!<\/p>\n","protected":false},"author":1,"featured_media":0,"parent":0,"menu_order":0,"comment_status":"closed","ping_status":"closed","template":"","meta":{"footnotes":""},"class_list":["post-43","page","type-page","status-publish","hentry"],"_links":{"self":[{"href":"https:\/\/www.hankiainen.fi\/index.php?rest_route=\/wp\/v2\/pages\/43","targetHints":{"allow":["GET"]}}],"collection":[{"href":"https:\/\/www.hankiainen.fi\/index.php?rest_route=\/wp\/v2\/pages"}],"about":[{"href":"https:\/\/www.hankiainen.fi\/index.php?rest_route=\/wp\/v2\/types\/page"}],"author":[{"embeddable":true,"href":"https:\/\/www.hankiainen.fi\/index.php?rest_route=\/wp\/v2\/users\/1"}],"replies":[{"embeddable":true,"href":"https:\/\/www.hankiainen.fi\/index.php?rest_route=%2Fwp%2Fv2%2Fcomments&post=43"}],"version-history":[{"count":19,"href":"https:\/\/www.hankiainen.fi\/index.php?rest_route=\/wp\/v2\/pages\/43\/revisions"}],"predecessor-version":[{"id":348,"href":"https:\/\/www.hankiainen.fi\/index.php?rest_route=\/wp\/v2\/pages\/43\/revisions\/348"}],"wp:attachment":[{"href":"https:\/\/www.hankiainen.fi\/index.php?rest_route=%2Fwp%2Fv2%2Fmedia&parent=43"}],"curies":[{"name":"wp","href":"https:\/\/api.w.org\/{rel}","templated":true}]}}