{"id":3,"date":"2025-04-18T17:29:34","date_gmt":"2025-04-18T17:29:34","guid":{"rendered":"https:\/\/hankiainen.fi\/?page_id=3"},"modified":"2026-04-10T11:58:53","modified_gmt":"2026-04-10T11:58:53","slug":"minusta","status":"publish","type":"page","link":"https:\/\/www.hankiainen.fi\/?page_id=3","title":{"rendered":"Minusta"},"content":{"rendered":"\n<div class=\"wp-block-group alignwide has-base-2-background-color has-background has-global-padding is-layout-constrained wp-container-core-group-is-layout-d02a4da8 wp-block-group-is-layout-constrained\" style=\"border-radius:20px;margin-top:var(--wp--preset--spacing--10);margin-bottom:var(--wp--preset--spacing--10);padding-top:var(--wp--preset--spacing--30);padding-right:var(--wp--preset--spacing--30);padding-bottom:var(--wp--preset--spacing--30);padding-left:var(--wp--preset--spacing--30)\">\n<div class=\"wp-block-group is-vertical is-content-justification-center is-layout-flex wp-container-core-group-is-layout-52b864f0 wp-block-group-is-layout-flex\">\n<h2 class=\"wp-block-heading has-text-align-center is-style-asterisk\">&#8221;Pieni, pinkki ja vikkel\u00e4.&#8221;<\/h2>\n\n\n\n<div style=\"height:0px\" aria-hidden=\"true\" class=\"wp-block-spacer wp-container-content-4f2ccadb\"><\/div>\n\n\n\n<p class=\"has-text-align-center\">Yst\u00e4v\u00e4ni kuvaus minusta. Opiskeluaikoina minulla oli pinkit hiukset &#8211; ja olen melko lyhyt. Luonnehdinta p\u00e4tee viel\u00e4kin, vaikkei hiukset en\u00e4\u00e4 ainakaan kokoaikaisesti pinkit olekaan.<\/p>\n\n\n\n<p class=\"has-text-align-center\"><br>P\u00e4\u00e4dyin taloushallinnon alalle intohimoharrastuksen kautta.<\/p>\n\n\n\n<p class=\"has-text-align-center\">Kirjanpitoty\u00f6 on minulle kuin sudokujen tekoa: rauhoittavaa, loogista ja palkitsevaa. Se on se ty\u00f6, jonka \u00e4\u00e4reen rauhoitun tyytyv\u00e4isen\u00e4 huokaisten kahvikupin ja viltin kanssa. Toiset lukevat kirjoja tai kutovat \u2014 t\u00e4m\u00e4 on minun rakkauteni&#8230; palapelien lis\u00e4ksi.<br><br>Viimeistelin vuonna 2025 t\u00f6iden ohessa kirjanpidon ja palkanlaskennan merkonomin tutkinnon ja jatkoin vuoden 2026 alusta oikeustradenomin monimuoto-opintoihin, koska uuden oppiminen on minulle tapa kasvaa ja rakentaa tulevaisuutta.<br><\/p>\n<\/div>\n\n\n\n<div class=\"wp-block-columns alignwide is-layout-flex wp-container-core-columns-is-layout-d0bbbce0 wp-block-columns-is-layout-flex\">\n<div class=\"wp-block-column is-layout-flow wp-container-core-column-is-layout-e3d1c41b wp-block-column-is-layout-flow\">\n<h3 class=\"wp-block-heading has-text-align-left is-style-asterisk has-body-font-family has-medium-font-size\" style=\"font-style:normal;font-weight:700\">R\u00f6ntgenhoitaja AMK<\/h3>\n\n\n\n<p class=\"has-text-align-left has-medium-font-size\">Laillistettuna r\u00f6ntgenhoitajana ty\u00f6skentelen p\u00e4\u00e4toimisesti erikoisairaanhoidossa kuvantamisen vaativissa ja monipuolisissa teht\u00e4viss\u00e4. S\u00e4ntillisyys, dokumentaatio- ja datank\u00e4sittelytaidot sek\u00e4 tekninen osaaminen hy\u00f6dytt\u00e4v\u00e4t minua my\u00f6s taloushallinnon ohjelmistojen kanssa. Potilasty\u00f6 tukee asiakaspalvelutaitojani. P\u00e4ivystysty\u00f6 on opettanut minulle valtavasti rauhallisuutta, oman toiminnan optimointia sek\u00e4 priorisointi- ja paineensietokyky\u00e4.<\/p>\n<\/div>\n\n\n\n<div class=\"wp-block-column is-layout-flow wp-container-core-column-is-layout-e3d1c41b wp-block-column-is-layout-flow\">\n<h3 class=\"wp-block-heading has-text-align-left is-style-asterisk has-body-font-family has-medium-font-size\" style=\"border-style:none;border-width:0px;font-style:normal;font-weight:700;line-height:1.5\">Koulutustausta<\/h3>\n\n\n\n<div style=\"height:10px\" aria-hidden=\"true\" class=\"wp-block-spacer\"><\/div>\n\n\n\n<ul style=\"border-style:none;border-width:0px;margin-top:0;margin-bottom:0;line-height:2.5\" class=\"wp-block-list is-style-default has-medium-font-size\">\n<li class=\"has-medium-font-size\">Oikeustradenomiopiskelija AMK (2026 alk.)<\/li>\n\n\n\n<li>Merkonomi, kirjanpit\u00e4j\u00e4-palkanlaskija<\/li>\n\n\n\n<li>R\u00f6ntgenhoitaja, AMK<\/li>\n\n\n\n<li>Myynnin ammattitutkinto, kuluttajamyynti<\/li>\n\n\n\n<li>Matkailualan pt, ohjelmapalvelutuottaja<\/li>\n\n\n\n<li>Ylioppilas, pitk\u00e4 matematiikka<\/li>\n<\/ul>\n<\/div>\n\n\n\n<div class=\"wp-block-column is-layout-flow wp-container-core-column-is-layout-e3d1c41b wp-block-column-is-layout-flow\">\n<h3 class=\"wp-block-heading has-text-align-left is-style-asterisk has-body-font-family has-medium-font-size\" style=\"font-style:normal;font-weight:700\">Taloushallinnon osaaminen<\/h3>\n\n\n\n<p><strong>Oikeutradenomi AMK<\/strong><br>Ammatilliset valinnaiset:<\/p>\n\n\n\n<ul class=\"wp-block-list\">\n<li>Verotusoikeus<\/li>\n\n\n\n<li>Yritysverotus<\/li>\n\n\n\n<li>Arvonlis\u00e4verotuksen erityispiirteet<\/li>\n<\/ul>\n\n\n\n<p class=\"has-text-align-left\"><strong>Merkonomi<\/strong><br>Ammatillinen suuntautuminen:<\/p>\n\n\n\n<ul class=\"wp-block-list\">\n<li>Kirjanpito<\/li>\n\n\n\n<li>Palkanlaskenta<\/li>\n\n\n\n<li>Laskutus ja reskontra<\/li>\n\n\n\n<li>Tilinp\u00e4\u00e4t\u00f6skirjaukset<\/li>\n<\/ul>\n<\/div>\n<\/div>\n\n\n\n<div class=\"wp-block-columns alignwide is-layout-flex wp-container-core-columns-is-layout-d0bbbce0 wp-block-columns-is-layout-flex\">\n<div class=\"wp-block-column is-layout-flow wp-container-core-column-is-layout-e3d1c41b wp-block-column-is-layout-flow\">\n<h3 class=\"wp-block-heading has-text-align-left is-style-asterisk has-body-font-family has-medium-font-size\" style=\"font-style:normal;font-weight:700\">Yhdistysaktiivi<\/h3>\n\n\n\n<p class=\"has-text-align-left\">Toimin kahdessa yhdistyksess\u00e4 pitk\u00e4aikaisena rahastonhoitajana sek\u00e4 yhden yhdistyksen varapuheenjohtaja. Olen aktiivinen yhdistysh\u00e4\u00e4r\u00e4\u00e4j\u00e4, ja koen saavani harrastustoiminnan kautta arvokasta osaamista mm. tapahtumaj\u00e4rjest\u00e4misest\u00e4, budjetoinnista sek\u00e4 erilaisista raportointi- ja suunnittelut\u00f6ist\u00e4.<\/p>\n<\/div>\n\n\n\n<div class=\"wp-block-column is-layout-flow wp-container-core-column-is-layout-e3d1c41b wp-block-column-is-layout-flow\">\n<h3 class=\"wp-block-heading has-text-align-left is-style-asterisk has-body-font-family has-medium-font-size\" style=\"font-style:normal;font-weight:700\">Kuorolaulaja<\/h3>\n\n\n\n<p class=\"has-text-align-left\">\u00c4\u00e4nialani on contra-altto. Laulan Tampereen oman n\u00f6rttikuoron Pikselit riveiss\u00e4! Minulla on my\u00f6s yksi musiikkiopiston tutkinto klassisesta laulusta.<\/p>\n\n\n\n<p>T\u00e4st\u00e4 Pikseleiden nettisivuille:<\/p>\n\n\n\n<div class=\"wp-block-buttons is-layout-flex wp-block-buttons-is-layout-flex\">\n<div class=\"wp-block-button is-style-outline is-style-outline--1\"><a class=\"wp-block-button__link wp-element-button\" href=\"https:\/\/pikselit.nettisivut.fi\/\">N\u00f6rttikuoro Pikselit<\/a><\/div>\n<\/div>\n<\/div>\n\n\n\n<div class=\"wp-block-column is-layout-flow wp-container-core-column-is-layout-e3d1c41b wp-block-column-is-layout-flow\">\n<h3 class=\"wp-block-heading has-text-align-left is-style-asterisk has-body-font-family has-medium-font-size\" style=\"font-style:normal;font-weight:600\">Pys\u00e4htym\u00e4t\u00f6n touhottaja<\/h3>\n\n\n\n<p class=\"has-text-align-left\">Kotimin\u00e4 on koko ajan tekem\u00e4ss\u00e4 jotain. Perheellisen\u00e4 el\u00e4m\u00e4 on v\u00e4lill\u00e4 &#8221;v\u00e4h\u00e4n&#8221; hektist\u00e4. Puutarhanhoito ja pelaaminen tuovat taloushallinto-sudokujen lis\u00e4ksi mielenrauhaa. Kulutan my\u00f6s osani suoratoistopalveluista!<\/p>\n<\/div>\n<\/div>\n<\/div>\n\n\n\n<div class=\"wp-block-group alignfull has-base-color has-contrast-background-color has-text-color has-background has-global-padding is-layout-constrained wp-container-core-group-is-layout-1e3a208a wp-block-group-is-layout-constrained\" style=\"margin-top:0;margin-bottom:0;padding-top:var(--wp--preset--spacing--40);padding-right:var(--wp--preset--spacing--60);padding-bottom:var(--wp--preset--spacing--40);padding-left:var(--wp--preset--spacing--60)\">\n<div class=\"wp-block-group has-global-padding is-layout-constrained wp-block-group-is-layout-constrained\">\n<p class=\"has-text-align-center has-base-color has-text-color has-heading-font-family has-x-large-font-size\" style=\"line-height:1.2\"><em>\u201cKantavalla hangella askel on kevyt &#8211; entist\u00e4 kevyempi, kun vierell\u00e4 on luottoyst\u00e4v\u00e4 matkassa<\/em>.<\/p>\n\n\n\n<p class=\"has-text-align-center has-base-color has-text-color has-heading-font-family has-x-large-font-size\" style=\"line-height:1.2\"><em>Kirjanpito ei ole vain numeroita, vaan my\u00f6s mielenrauhaa.\u201d<\/em><\/p>\n\n\n\n<div class=\"wp-block-group is-vertical is-content-justification-center is-nowrap is-layout-flex wp-container-core-group-is-layout-2dc08cea wp-block-group-is-layout-flex\">\n<figure class=\"wp-block-image aligncenter size-thumbnail is-resized has-custom-border\"><img loading=\"lazy\" decoding=\"async\" width=\"150\" height=\"150\" src=\"https:\/\/www.hankiainen.fi\/wp-content\/uploads\/2025\/12\/IMG20251122140131-artguru-e1766513927734-150x150.png\" alt=\"\" class=\"wp-image-172\" style=\"border-radius:100px;aspect-ratio:1;object-fit:cover;width:150px\"\/><\/figure>\n\n\n\n<p class=\"has-text-align-center has-accent-color has-text-color has-link-color has-medium-font-size wp-elements-dd58460abf475169cf6437f5162fe483\">Jonna M\u00e4\u00e4tt\u00e4-Julin<\/p>\n\n\n\n<p class=\"has-accent-color has-text-color has-link-color has-small-font-size wp-elements-441a9be2c3918d27b108385ab745ae73\"><em>Yritt\u00e4j\u00e4-omistaja, Hankiainen Oy<\/em><\/p>\n<\/div>\n<\/div>\n<\/div>\n","protected":false},"excerpt":{"rendered":"<p>&#8221;Pieni, pinkki ja vikkel\u00e4.&#8221; Yst\u00e4v\u00e4ni kuvaus minusta. Opiskeluaikoina minulla oli pinkit hiukset &#8211; ja olen melko lyhyt. Luonnehdinta p\u00e4tee viel\u00e4kin, vaikkei hiukset en\u00e4\u00e4 ainakaan kokoaikaisesti pinkit olekaan. P\u00e4\u00e4dyin taloushallinnon alalle intohimoharrastuksen kautta. Kirjanpitoty\u00f6 on minulle kuin sudokujen tekoa: rauhoittavaa, loogista ja palkitsevaa. Se on se ty\u00f6, jonka \u00e4\u00e4reen rauhoitun tyytyv\u00e4isen\u00e4 huokaisten kahvikupin ja viltin kanssa. [&hellip;]<\/p>\n","protected":false},"author":1,"featured_media":0,"parent":0,"menu_order":0,"comment_status":"closed","ping_status":"closed","template":"","meta":{"footnotes":""},"class_list":["post-3","page","type-page","status-publish","hentry"],"_links":{"self":[{"href":"https:\/\/www.hankiainen.fi\/index.php?rest_route=\/wp\/v2\/pages\/3","targetHints":{"allow":["GET"]}}],"collection":[{"href":"https:\/\/www.hankiainen.fi\/index.php?rest_route=\/wp\/v2\/pages"}],"about":[{"href":"https:\/\/www.hankiainen.fi\/index.php?rest_route=\/wp\/v2\/types\/page"}],"author":[{"embeddable":true,"href":"https:\/\/www.hankiainen.fi\/index.php?rest_route=\/wp\/v2\/users\/1"}],"replies":[{"embeddable":true,"href":"https:\/\/www.hankiainen.fi\/index.php?rest_route=%2Fwp%2Fv2%2Fcomments&post=3"}],"version-history":[{"count":47,"href":"https:\/\/www.hankiainen.fi\/index.php?rest_route=\/wp\/v2\/pages\/3\/revisions"}],"predecessor-version":[{"id":370,"href":"https:\/\/www.hankiainen.fi\/index.php?rest_route=\/wp\/v2\/pages\/3\/revisions\/370"}],"wp:attachment":[{"href":"https:\/\/www.hankiainen.fi\/index.php?rest_route=%2Fwp%2Fv2%2Fmedia&parent=3"}],"curies":[{"name":"wp","href":"https:\/\/api.w.org\/{rel}","templated":true}]}}