{"id":2,"date":"2025-04-18T17:29:34","date_gmt":"2025-04-18T17:29:34","guid":{"rendered":"https:\/\/hankiainen.fi\/?page_id=2"},"modified":"2026-04-07T19:04:13","modified_gmt":"2026-04-07T19:04:13","slug":"sample-page","status":"publish","type":"page","link":"https:\/\/www.hankiainen.fi\/?page_id=2","title":{"rendered":"Palvelut"},"content":{"rendered":"\n<p class=\"has-text-align-center has-base-2-background-color has-background has-heading-font-family has-large-font-size\" style=\"border-radius:20px;padding-top:var(--wp--preset--spacing--20);padding-right:var(--wp--preset--spacing--60);padding-bottom:var(--wp--preset--spacing--20);padding-left:var(--wp--preset--spacing--60)\">R\u00e4\u00e4t\u00e4l\u00f6id\u00e4\u00e4n yrityksellesi tarpeelliset taloushallintopalvelut yhdess\u00e4!<\/p>\n\n\n\n<figure class=\"wp-block-image aligncenter size-medium\"><img loading=\"lazy\" decoding=\"async\" width=\"300\" height=\"120\" src=\"https:\/\/www.hankiainen.fi\/wp-content\/uploads\/2026\/04\/TAL-Tlit-Kumppani-Black-RGB-300x120.png\" alt=\"\" class=\"wp-image-346\" srcset=\"https:\/\/www.hankiainen.fi\/wp-content\/uploads\/2026\/04\/TAL-Tlit-Kumppani-Black-RGB-300x120.png 300w, https:\/\/www.hankiainen.fi\/wp-content\/uploads\/2026\/04\/TAL-Tlit-Kumppani-Black-RGB-1024x410.png 1024w, https:\/\/www.hankiainen.fi\/wp-content\/uploads\/2026\/04\/TAL-Tlit-Kumppani-Black-RGB-768x307.png 768w, https:\/\/www.hankiainen.fi\/wp-content\/uploads\/2026\/04\/TAL-Tlit-Kumppani-Black-RGB.png 1182w\" sizes=\"auto, (max-width: 300px) 100vw, 300px\" \/><\/figure>\n\n\n\n<div class=\"wp-block-buttons has-custom-font-size has-heading-font-family has-large-font-size is-content-justification-center is-layout-flex wp-container-core-buttons-is-layout-edc27698 wp-block-buttons-is-layout-flex\" style=\"margin-top:var(--wp--preset--spacing--10);margin-bottom:var(--wp--preset--spacing--10);padding-top:var(--wp--preset--spacing--10);padding-bottom:var(--wp--preset--spacing--10)\">\n<div class=\"wp-block-button\"><a class=\"wp-block-button__link wp-element-button\" href=\"https:\/\/www.hankiainen.fi\/?page_id=43\">Ota yhteytt\u00e4<\/a><\/div>\n<\/div>\n\n\n\n<div class=\"wp-block-group alignwide has-base-2-background-color has-background has-global-padding is-layout-constrained wp-container-core-group-is-layout-db0255c5 wp-block-group-is-layout-constrained\" style=\"border-width:1px;border-radius:20px;margin-top:var(--wp--preset--spacing--10);margin-bottom:var(--wp--preset--spacing--10);padding-top:var(--wp--preset--spacing--40);padding-right:var(--wp--preset--spacing--40);padding-bottom:var(--wp--preset--spacing--40);padding-left:var(--wp--preset--spacing--40)\">\n<div class=\"wp-block-columns alignwide is-layout-flex wp-container-core-columns-is-layout-08c01c1c wp-block-columns-is-layout-flex\">\n<div class=\"wp-block-column is-vertically-aligned-center is-layout-flow wp-container-core-column-is-layout-fd134cff wp-block-column-is-layout-flow\" style=\"padding-right:0;padding-left:0;flex-basis:50%\">\n<p class=\"has-text-align-center has-heading-font-family has-x-large-font-size\" style=\"padding-top:var(--wp--preset--spacing--30);padding-right:0;padding-bottom:var(--wp--preset--spacing--30);padding-left:0;line-height:1.2\">Kirjanpitopalvelut yksinyritt\u00e4jille, pienyrityksille ja yhdistyksille<\/p>\n<\/div>\n\n\n\n<div class=\"wp-block-column has-medium-font-size is-layout-flow wp-container-core-column-is-layout-fd134cff wp-block-column-is-layout-flow\" style=\"padding-right:0;padding-left:0\">\n<div class=\"wp-block-group has-small-font-size is-horizontal is-content-justification-center is-nowrap is-layout-flex wp-container-core-group-is-layout-03bdce56 wp-block-group-is-layout-flex\" style=\"padding-top:0;padding-right:var(--wp--preset--spacing--40);padding-bottom:0;padding-left:var(--wp--preset--spacing--40)\">\n<div class=\"wp-block-group has-small-font-size is-vertical is-content-justification-left is-nowrap is-layout-flex wp-container-core-group-is-layout-970da055 wp-block-group-is-layout-flex\">\n<ul style=\"padding-top:0;padding-right:0;padding-bottom:0;padding-left:0\" class=\"wp-block-list\">\n<li class=\"has-medium-font-size\">Lakis\u00e4\u00e4teiset kirjanpitopalvelut<\/li>\n\n\n\n<li class=\"has-medium-font-size\">ALV-ilmoitukset<\/li>\n\n\n\n<li class=\"has-medium-font-size\">Tilinp\u00e4\u00e4t\u00f6s<\/li>\n\n\n\n<li class=\"has-medium-font-size\">Tilikauden tuloveroilmoitus<\/li>\n\n\n\n<li class=\"has-medium-font-size\">Myynti- ja ostolaskujen k\u00e4sittely<\/li>\n\n\n\n<li class=\"has-medium-font-size\">Palkanlaskenta<\/li>\n\n\n\n<li class=\"has-medium-font-size\">Tulorekisteri-ilmoitukset<\/li>\n\n\n\n<li class=\"has-medium-font-size\">Raportointi ja budjetointi<\/li>\n\n\n\n<li class=\"has-medium-font-size\">Neuvonta ja konsultointi<\/li>\n<\/ul>\n<\/div>\n<\/div>\n<\/div>\n<\/div>\n<\/div>\n\n\n\n<div class=\"wp-block-group alignwide has-base-2-background-color has-background has-global-padding is-layout-constrained wp-container-core-group-is-layout-a666d811 wp-block-group-is-layout-constrained\" style=\"border-width:1px;border-radius:20px;padding-top:var(--wp--preset--spacing--40);padding-right:var(--wp--preset--spacing--40);padding-bottom:var(--wp--preset--spacing--40);padding-left:var(--wp--preset--spacing--40)\">\n<div class=\"wp-block-columns alignwide is-layout-flex wp-container-core-columns-is-layout-08c01c1c wp-block-columns-is-layout-flex\">\n<div class=\"wp-block-column is-vertically-aligned-center is-layout-flow wp-block-column-is-layout-flow\" style=\"padding-top:0;padding-bottom:0;flex-basis:33%\">\n<p class=\"has-text-align-center has-heading-font-family has-x-large-font-size\" style=\"padding-top:var(--wp--preset--spacing--50);padding-bottom:var(--wp--preset--spacing--50);line-height:1.2\">Muut palveluni<\/p>\n<\/div>\n\n\n\n<div class=\"wp-block-column is-vertically-aligned-center is-layout-flow wp-container-core-column-is-layout-5a9dad93 wp-block-column-is-layout-flow\" style=\"padding-right:var(--wp--preset--spacing--40);padding-left:var(--wp--preset--spacing--40)\">\n<p class=\"has-text-align-center has-small-font-size\" style=\"font-style:normal;font-weight:400\"><strong>Asiakirjojen valmistelu<\/strong><br><br>Tarvitsetko lasku- \/ asiakirjapohjan tai vaikka suunnitteluapua toimintaasi? Katsotaan jos voisin auttaa!<\/p>\n\n\n\n<p class=\"has-text-align-center has-small-font-size\"><br><strong>Tilaus- ja korjausompelu<\/strong><br><br>Pienimuotoinen korjausompelu onnistuu &#8211; tai mik\u00e4li haluat tehd\u00e4 korjaukset itse, voit vuokrata ty\u00f6tilaani. Tilasta l\u00f6ytyy ompelukone, saumuri sek\u00e4 peitetikkauskone. Tilausty\u00f6n\u00e4 teen mm. avainnauhoja ja trikooasusteita (esim. pipot, vauvalahjat).<\/p>\n\n\n\n<p class=\"has-text-align-center has-small-font-size\" style=\"font-style:normal;font-weight:400\"><br><strong>Koti- ja muuttosiivous<\/strong><br><br>Monen vuoden kokemus kotitalouksien siivouksesta sek\u00e4 muuttosiivousurakoista. Ty\u00f6kokemusta my\u00f6s hotelli-, m\u00f6kki- ja toimistosiivouksesta. Kysy keikkatarjous!<\/p>\n<\/div>\n<\/div>\n<\/div>\n\n\n\n<div style=\"height:20px\" aria-hidden=\"true\" class=\"wp-block-spacer\"><\/div>\n\n\n\n<p class=\"has-text-align-center has-base-2-background-color has-background has-heading-font-family has-large-font-size\" style=\"border-radius:20px;padding-top:var(--wp--preset--spacing--20);padding-right:var(--wp--preset--spacing--60);padding-bottom:var(--wp--preset--spacing--20);padding-left:var(--wp--preset--spacing--60)\">Toimin Tampereen alueella, mutta taloushallinnon asioissa voin auttaa sinua<br>oletpa miss\u00e4 p\u00e4in Suomea vaan!<\/p>\n\n\n\n<div style=\"height:20px\" aria-hidden=\"true\" class=\"wp-block-spacer\"><\/div>\n","protected":false},"excerpt":{"rendered":"<p>R\u00e4\u00e4t\u00e4l\u00f6id\u00e4\u00e4n yrityksellesi tarpeelliset taloushallintopalvelut yhdess\u00e4! Kirjanpitopalvelut yksinyritt\u00e4jille, pienyrityksille ja yhdistyksille Muut palveluni Asiakirjojen valmistelu Tarvitsetko lasku- \/ asiakirjapohjan tai vaikka suunnitteluapua toimintaasi? Katsotaan jos voisin auttaa! Tilaus- ja korjausompelu Pienimuotoinen korjausompelu onnistuu &#8211; tai mik\u00e4li haluat tehd\u00e4 korjaukset itse, voit vuokrata ty\u00f6tilaani. Tilasta l\u00f6ytyy ompelukone, saumuri sek\u00e4 peitetikkauskone. Tilausty\u00f6n\u00e4 teen mm. avainnauhoja ja trikooasusteita (esim. [&hellip;]<\/p>\n","protected":false},"author":1,"featured_media":0,"parent":0,"menu_order":0,"comment_status":"closed","ping_status":"open","template":"","meta":{"footnotes":""},"class_list":["post-2","page","type-page","status-publish","hentry"],"_links":{"self":[{"href":"https:\/\/www.hankiainen.fi\/index.php?rest_route=\/wp\/v2\/pages\/2","targetHints":{"allow":["GET"]}}],"collection":[{"href":"https:\/\/www.hankiainen.fi\/index.php?rest_route=\/wp\/v2\/pages"}],"about":[{"href":"https:\/\/www.hankiainen.fi\/index.php?rest_route=\/wp\/v2\/types\/page"}],"author":[{"embeddable":true,"href":"https:\/\/www.hankiainen.fi\/index.php?rest_route=\/wp\/v2\/users\/1"}],"replies":[{"embeddable":true,"href":"https:\/\/www.hankiainen.fi\/index.php?rest_route=%2Fwp%2Fv2%2Fcomments&post=2"}],"version-history":[{"count":52,"href":"https:\/\/www.hankiainen.fi\/index.php?rest_route=\/wp\/v2\/pages\/2\/revisions"}],"predecessor-version":[{"id":359,"href":"https:\/\/www.hankiainen.fi\/index.php?rest_route=\/wp\/v2\/pages\/2\/revisions\/359"}],"wp:attachment":[{"href":"https:\/\/www.hankiainen.fi\/index.php?rest_route=%2Fwp%2Fv2%2Fmedia&parent=2"}],"curies":[{"name":"wp","href":"https:\/\/api.w.org\/{rel}","templated":true}]}}